{"id":49,"date":"2025-10-15T12:56:00","date_gmt":"2025-10-15T12:56:00","guid":{"rendered":"https:\/\/epoxyproseal.com\/?page_id=49"},"modified":"2025-10-15T14:59:39","modified_gmt":"2025-10-15T14:59:39","slug":"demandez-votre-soumission","status":"publish","type":"page","link":"https:\/\/epoxyproseal.com\/index.php\/demandez-votre-soumission\/","title":{"rendered":"Demandez votre soumission"},"content":{"rendered":"\t\t<div data-elementor-type=\"wp-page\" data-elementor-id=\"49\" class=\"elementor elementor-49\" data-elementor-post-type=\"page\">\n\t\t\t\t\t\t<section class=\"elementor-section elementor-top-section elementor-element elementor-element-a4ef12a elementor-section-boxed elementor-section-height-default elementor-section-height-default\" data-id=\"a4ef12a\" data-element_type=\"section\" data-settings=\"{&quot;background_background&quot;:&quot;classic&quot;,&quot;background_motion_fx_motion_fx_scrolling&quot;:&quot;yes&quot;,&quot;shape_divider_bottom&quot;:&quot;tilt&quot;,&quot;background_motion_fx_devices&quot;:[&quot;desktop&quot;,&quot;tablet&quot;,&quot;mobile&quot;]}\">\n\t\t\t\t\t\t\t<div class=\"elementor-background-overlay\"><\/div>\n\t\t\t\t\t\t<div class=\"elementor-shape elementor-shape-bottom\" aria-hidden=\"true\" data-negative=\"false\">\n\t\t\t<svg xmlns=\"http:\/\/www.w3.org\/2000\/svg\" viewBox=\"0 0 1000 100\" preserveAspectRatio=\"none\">\n\t<path class=\"elementor-shape-fill\" d=\"M0,6V0h1000v100L0,6z\"\/>\n<\/svg>\t\t<\/div>\n\t\t\t\t\t<div class=\"elementor-container elementor-column-gap-default\">\n\t\t\t\t\t<div class=\"elementor-column elementor-col-100 elementor-top-column elementor-element elementor-element-94ee3de\" data-id=\"94ee3de\" data-element_type=\"column\">\n\t\t\t<div class=\"elementor-widget-wrap elementor-element-populated\">\n\t\t\t\t\t\t<div class=\"elementor-element elementor-element-675ef4a elementor-widget elementor-widget-spacer\" data-id=\"675ef4a\" data-element_type=\"widget\" data-widget_type=\"spacer.default\">\n\t\t\t\t\t\t\t<div class=\"elementor-spacer\">\n\t\t\t<div class=\"elementor-spacer-inner\"><\/div>\n\t\t<\/div>\n\t\t\t\t\t\t<\/div>\n\t\t\t\t<div class=\"elementor-element elementor-element-e75bc46 elementor-widget elementor-widget-heading\" data-id=\"e75bc46\" data-element_type=\"widget\" data-widget_type=\"heading.default\">\n\t\t\t\t\t<h2 class=\"elementor-heading-title elementor-size-default\">DEMANDE DE SOUMISSION<\/h2>\t\t\t\t<\/div>\n\t\t\t\t<div class=\"elementor-element elementor-element-0887c0b elementor-widget elementor-widget-text-editor\" data-id=\"0887c0b\" data-element_type=\"widget\" data-widget_type=\"text-editor.default\">\n\t\t\t\t\t\t\t\t\t<p>Chez EPOXY PROSEAL, on rend \u00e7a simple, rapide et efficace. Notre \u00e9quipe est l\u00e0 pour vous offrir un service sur mesure, adapt\u00e9 \u00e0 vos besoins. Remplissez le formulaire et on vous revient rapidement avec une soumission claire, sans engagement.<\/p><p>Confiez-nous vos projets pour une satisfaction garantie.<\/p>\t\t\t\t\t\t\t\t<\/div>\n\t\t\t\t<div class=\"elementor-element elementor-element-0d34b3c elementor-widget-divider--separator-type-pattern elementor-widget-divider--view-line elementor-widget elementor-widget-divider\" data-id=\"0d34b3c\" data-element_type=\"widget\" data-widget_type=\"divider.default\">\n\t\t\t\t\t\t\t<div class=\"elementor-divider\" style=\"--divider-pattern-url: url(&quot;data:image\/svg+xml,%3Csvg xmlns=&#039;http:\/\/www.w3.org\/2000\/svg&#039; preserveAspectRatio=&#039;none&#039; overflow=&#039;visible&#039; height=&#039;100%&#039; viewBox=&#039;0 0 20 16&#039; fill=&#039;none&#039; stroke=&#039;black&#039; stroke-width=&#039;4&#039; stroke-linecap=&#039;square&#039; stroke-miterlimit=&#039;10&#039;%3E%3Cg transform=&#039;translate(-12.000000, 0)&#039;%3E%3Cpath d=&#039;M28,0L10,18&#039;\/%3E%3Cpath d=&#039;M18,0L0,18&#039;\/%3E%3Cpath d=&#039;M48,0L30,18&#039;\/%3E%3Cpath d=&#039;M38,0L20,18&#039;\/%3E%3C\/g%3E%3C\/svg%3E&quot;);\">\n\t\t\t<span class=\"elementor-divider-separator\">\n\t\t\t\t\t\t<\/span>\n\t\t<\/div>\n\t\t\t\t\t\t<\/div>\n\t\t\t\t<div class=\"elementor-element elementor-element-676014c elementor-widget elementor-widget-menu-anchor\" data-id=\"676014c\" data-element_type=\"widget\" data-widget_type=\"menu-anchor.default\">\n\t\t\t\t\t\t\t<div class=\"elementor-menu-anchor\" id=\"REPARATION\"><\/div>\n\t\t\t\t\t\t<\/div>\n\t\t\t\t<div class=\"elementor-element elementor-element-8c3579c elementor-widget elementor-widget-spacer\" data-id=\"8c3579c\" data-element_type=\"widget\" data-widget_type=\"spacer.default\">\n\t\t\t\t\t\t\t<div class=\"elementor-spacer\">\n\t\t\t<div class=\"elementor-spacer-inner\"><\/div>\n\t\t<\/div>\n\t\t\t\t\t\t<\/div>\n\t\t\t\t\t<\/div>\n\t\t<\/div>\n\t\t\t\t\t<\/div>\n\t\t<\/section>\n\t\t\t\t<section class=\"elementor-section elementor-top-section elementor-element elementor-element-0080ae5 elementor-section-full_width elementor-section-height-default elementor-section-height-default\" data-id=\"0080ae5\" data-element_type=\"section\" data-settings=\"{&quot;background_background&quot;:&quot;classic&quot;}\">\n\t\t\t\t\t\t<div class=\"elementor-container elementor-column-gap-default\">\n\t\t\t\t\t<div class=\"elementor-column elementor-col-100 elementor-top-column elementor-element elementor-element-c714b1d\" data-id=\"c714b1d\" data-element_type=\"column\">\n\t\t\t<div class=\"elementor-widget-wrap elementor-element-populated\">\n\t\t\t\t\t\t<div class=\"elementor-element elementor-element-c4b8a30 elementor-widget elementor-widget-html\" data-id=\"c4b8a30\" data-element_type=\"widget\" data-widget_type=\"html.default\">\n\t\t\t\t\t<iframe aria-label='Soumission' frameborder=\"0\" style=\"height:1300px;width:99%;border:none;\" src='https:\/\/forms.zohopublic.com\/nettoyagepaveproseal1\/form\/Soumission1\/formperma\/7YQZFC3SBROITWo5GNNgDHNVxh_nzLUDqqZ_V_RMt68'><\/iframe>\t\t\t\t<\/div>\n\t\t\t\t\t<\/div>\n\t\t<\/div>\n\t\t\t\t\t<\/div>\n\t\t<\/section>\n\t\t\t\t<\/div>\n\t\t","protected":false},"excerpt":{"rendered":"<p>DEMANDE DE SOUMISSION Chez EPOXY PROSEAL, on rend \u00e7a simple, rapide et efficace. Notre \u00e9quipe est l\u00e0 pour vous offrir un service sur mesure, adapt\u00e9 \u00e0 vos besoins. Remplissez le formulaire et on vous revient rapidement avec une soumission claire, sans engagement. Confiez-nous vos projets pour une satisfaction garantie.<\/p>\n","protected":false},"author":1,"featured_media":0,"parent":0,"menu_order":0,"comment_status":"closed","ping_status":"closed","template":"","meta":{"footnotes":""},"class_list":["post-49","page","type-page","status-publish","hentry"],"yoast_head":"<!-- This site is optimized with the Yoast SEO plugin v26.1.1 - https:\/\/yoast.com\/wordpress\/plugins\/seo\/ -->\n<title>Demandez votre soumission - Epoxy Proseal<\/title>\n<meta name=\"robots\" content=\"index, follow, max-snippet:-1, max-image-preview:large, max-video-preview:-1\" \/>\n<link rel=\"canonical\" href=\"https:\/\/epoxyproseal.com\/index.php\/demandez-votre-soumission\/\" \/>\n<meta property=\"og:locale\" content=\"en_US\" \/>\n<meta property=\"og:type\" content=\"article\" \/>\n<meta property=\"og:title\" content=\"Demandez votre soumission - Epoxy Proseal\" \/>\n<meta property=\"og:description\" content=\"DEMANDE DE SOUMISSION Chez EPOXY PROSEAL, on rend \u00e7a simple, rapide et efficace. Notre \u00e9quipe est l\u00e0 pour vous offrir un service sur mesure, adapt\u00e9 \u00e0 vos besoins. Remplissez le formulaire et on vous revient rapidement avec une soumission claire, sans engagement. Confiez-nous vos projets pour une satisfaction garantie.\" \/>\n<meta property=\"og:url\" content=\"https:\/\/epoxyproseal.com\/index.php\/demandez-votre-soumission\/\" \/>\n<meta property=\"og:site_name\" content=\"Epoxy Proseal\" \/>\n<meta property=\"article:modified_time\" content=\"2025-10-15T14:59:39+00:00\" \/>\n<meta name=\"twitter:card\" content=\"summary_large_image\" \/>\n<meta name=\"twitter:label1\" content=\"Est. reading time\" \/>\n\t<meta name=\"twitter:data1\" content=\"1 minute\" \/>\n<script type=\"application\/ld+json\" class=\"yoast-schema-graph\">{\"@context\":\"https:\/\/schema.org\",\"@graph\":[{\"@type\":\"WebPage\",\"@id\":\"https:\/\/epoxyproseal.com\/index.php\/demandez-votre-soumission\/\",\"url\":\"https:\/\/epoxyproseal.com\/index.php\/demandez-votre-soumission\/\",\"name\":\"Demandez votre soumission - Epoxy Proseal\",\"isPartOf\":{\"@id\":\"https:\/\/epoxyproseal.com\/#website\"},\"datePublished\":\"2025-10-15T12:56:00+00:00\",\"dateModified\":\"2025-10-15T14:59:39+00:00\",\"breadcrumb\":{\"@id\":\"https:\/\/epoxyproseal.com\/index.php\/demandez-votre-soumission\/#breadcrumb\"},\"inLanguage\":\"en-CA\",\"potentialAction\":[{\"@type\":\"ReadAction\",\"target\":[\"https:\/\/epoxyproseal.com\/index.php\/demandez-votre-soumission\/\"]}]},{\"@type\":\"BreadcrumbList\",\"@id\":\"https:\/\/epoxyproseal.com\/index.php\/demandez-votre-soumission\/#breadcrumb\",\"itemListElement\":[{\"@type\":\"ListItem\",\"position\":1,\"name\":\"Home\",\"item\":\"https:\/\/epoxyproseal.com\/\"},{\"@type\":\"ListItem\",\"position\":2,\"name\":\"Demandez votre soumission\"}]},{\"@type\":\"WebSite\",\"@id\":\"https:\/\/epoxyproseal.com\/#website\",\"url\":\"https:\/\/epoxyproseal.com\/\",\"name\":\"Epoxy Proseal\",\"description\":\"\",\"potentialAction\":[{\"@type\":\"SearchAction\",\"target\":{\"@type\":\"EntryPoint\",\"urlTemplate\":\"https:\/\/epoxyproseal.com\/?s={search_term_string}\"},\"query-input\":{\"@type\":\"PropertyValueSpecification\",\"valueRequired\":true,\"valueName\":\"search_term_string\"}}],\"inLanguage\":\"en-CA\"}]}<\/script>\n<!-- \/ Yoast SEO plugin. -->","yoast_head_json":{"title":"Demandez votre soumission - Epoxy Proseal","robots":{"index":"index","follow":"follow","max-snippet":"max-snippet:-1","max-image-preview":"max-image-preview:large","max-video-preview":"max-video-preview:-1"},"canonical":"https:\/\/epoxyproseal.com\/index.php\/demandez-votre-soumission\/","og_locale":"en_US","og_type":"article","og_title":"Demandez votre soumission - Epoxy Proseal","og_description":"DEMANDE DE SOUMISSION Chez EPOXY PROSEAL, on rend \u00e7a simple, rapide et efficace. Notre \u00e9quipe est l\u00e0 pour vous offrir un service sur mesure, adapt\u00e9 \u00e0 vos besoins. Remplissez le formulaire et on vous revient rapidement avec une soumission claire, sans engagement. Confiez-nous vos projets pour une satisfaction garantie.","og_url":"https:\/\/epoxyproseal.com\/index.php\/demandez-votre-soumission\/","og_site_name":"Epoxy Proseal","article_modified_time":"2025-10-15T14:59:39+00:00","twitter_card":"summary_large_image","twitter_misc":{"Est. reading time":"1 minute"},"schema":{"@context":"https:\/\/schema.org","@graph":[{"@type":"WebPage","@id":"https:\/\/epoxyproseal.com\/index.php\/demandez-votre-soumission\/","url":"https:\/\/epoxyproseal.com\/index.php\/demandez-votre-soumission\/","name":"Demandez votre soumission - Epoxy Proseal","isPartOf":{"@id":"https:\/\/epoxyproseal.com\/#website"},"datePublished":"2025-10-15T12:56:00+00:00","dateModified":"2025-10-15T14:59:39+00:00","breadcrumb":{"@id":"https:\/\/epoxyproseal.com\/index.php\/demandez-votre-soumission\/#breadcrumb"},"inLanguage":"en-CA","potentialAction":[{"@type":"ReadAction","target":["https:\/\/epoxyproseal.com\/index.php\/demandez-votre-soumission\/"]}]},{"@type":"BreadcrumbList","@id":"https:\/\/epoxyproseal.com\/index.php\/demandez-votre-soumission\/#breadcrumb","itemListElement":[{"@type":"ListItem","position":1,"name":"Home","item":"https:\/\/epoxyproseal.com\/"},{"@type":"ListItem","position":2,"name":"Demandez votre soumission"}]},{"@type":"WebSite","@id":"https:\/\/epoxyproseal.com\/#website","url":"https:\/\/epoxyproseal.com\/","name":"Epoxy Proseal","description":"","potentialAction":[{"@type":"SearchAction","target":{"@type":"EntryPoint","urlTemplate":"https:\/\/epoxyproseal.com\/?s={search_term_string}"},"query-input":{"@type":"PropertyValueSpecification","valueRequired":true,"valueName":"search_term_string"}}],"inLanguage":"en-CA"}]}},"_links":{"self":[{"href":"https:\/\/epoxyproseal.com\/index.php\/wp-json\/wp\/v2\/pages\/49","targetHints":{"allow":["GET"]}}],"collection":[{"href":"https:\/\/epoxyproseal.com\/index.php\/wp-json\/wp\/v2\/pages"}],"about":[{"href":"https:\/\/epoxyproseal.com\/index.php\/wp-json\/wp\/v2\/types\/page"}],"author":[{"embeddable":true,"href":"https:\/\/epoxyproseal.com\/index.php\/wp-json\/wp\/v2\/users\/1"}],"replies":[{"embeddable":true,"href":"https:\/\/epoxyproseal.com\/index.php\/wp-json\/wp\/v2\/comments?post=49"}],"version-history":[{"count":13,"href":"https:\/\/epoxyproseal.com\/index.php\/wp-json\/wp\/v2\/pages\/49\/revisions"}],"predecessor-version":[{"id":140,"href":"https:\/\/epoxyproseal.com\/index.php\/wp-json\/wp\/v2\/pages\/49\/revisions\/140"}],"wp:attachment":[{"href":"https:\/\/epoxyproseal.com\/index.php\/wp-json\/wp\/v2\/media?parent=49"}],"curies":[{"name":"wp","href":"https:\/\/api.w.org\/{rel}","templated":true}]}}